{"id":147,"date":"2023-03-02T17:39:42","date_gmt":"2023-03-02T20:39:42","guid":{"rendered":"https:\/\/ssvpbrazlandia.org.br\/?page_id=147"},"modified":"2025-03-21T18:25:39","modified_gmt":"2025-03-21T21:25:39","slug":"arquivos","status":"publish","type":"page","link":"https:\/\/ssvpbrazlandia.org.br\/index.php\/arquivos\/","title":{"rendered":"Arquivos"},"content":{"rendered":"\n<figure class=\"wp-block-table is-style-stripes\"><table class=\"has-text-color has-link-color has-fixed-layout\" style=\"color:#0036b5\"><thead><tr><th>FICHAS DE CADASTRO<\/th><\/tr><\/thead><tbody><tr><td><a href=\"https:\/\/ssvpbrazlandia.org.br\/wp-content\/uploads\/2025\/02\/Ficha-de-Sindicancia.pdf\">Ficha de sindic\u00e2ncia<\/a><\/td><\/tr><tr><td><a href=\"https:\/\/ssvpbrazlandia.org.br\/wp-content\/uploads\/2023\/08\/CadastrametoAssociados.pdf\" target=\"_blank\" rel=\"noreferrer noopener\">Ficha de controle de associados<\/a><\/td><\/tr><\/tbody><\/table><\/figure>\n\n\n\n<figure class=\"wp-block-table is-style-stripes\"><table class=\"has-text-color has-link-color has-fixed-layout\" style=\"color:#0036b5\"><thead><tr><th>MAPAS DE MOVIMENTO FINANCEIRO<\/th><\/tr><\/thead><tbody><tr><td><a href=\"https:\/\/ssvpbrasil.org.br\/wp-content\/uploads\/2023\/02\/Mapa-CONFERENCIAS-SSVP-Brasil-versao-2023-VF.xls\" data-type=\"link\" data-id=\"https:\/\/ssvpbrasil.org.br\/wp-content\/uploads\/2023\/02\/Mapa-CONFERENCIAS-SSVP-Brasil-versao-2023-VF.xls\" target=\"_blank\" rel=\"noreferrer noopener\">Mapas de Confer\u00eancias<\/a> &#8211; Planilha<\/td><\/tr><tr><td><a href=\"https:\/\/ssvpbrazlandia.org.br\/wp-content\/uploads\/2025\/02\/Mapa-Conferencias-Manual.pdf\">Mapa de Confer\u00eancias<\/a> &#8211; Manual<\/td><\/tr><tr><td><a href=\"https:\/\/ssvpbrazlandia.org.br\/wp-content\/uploads\/2025\/02\/Mapa-CONSELHOS-PARTICULARES-SSVP-Brasil-versao-2023-VF.xlsx\">Mapa de C. Particulares<\/a> &#8211; Planilha<\/td><\/tr><tr><td><a href=\"https:\/\/ssvpbrazlandia.org.br\/wp-content\/uploads\/2025\/02\/Mapa-CPs-Manual.pdf\">Mapa de C. Particulares<\/a> &#8211; Manual<\/td><\/tr><\/tbody><\/table><\/figure>\n\n\n\n<figure class=\"wp-block-table is-style-stripes\"><table class=\"has-text-color has-link-color has-fixed-layout\" style=\"color:#0036b5\"><thead><tr><th>MATERIAIS DA SECRETARIA<\/th><\/tr><\/thead><tbody><tr><td><a href=\"https:\/\/ssvpbrazlandia.org.br\/wp-content\/uploads\/2025\/03\/IN-2023-002-Dispoe-sobre-procedimentos-e-orientacoes-de-Secretaria-das-Unidades-Vicentinas.pdf\" data-type=\"link\" data-id=\"https:\/\/ssvpbrazlandia.org.br\/wp-content\/uploads\/2025\/03\/IN-2023-002-Dispoe-sobre-procedimentos-e-orientacoes-de-Secretaria-das-Unidades-Vicentinas.pdf\">Instru\u00e7\u00e3o normativa n\u00ba 02\/2023<\/a> &#8211; Secretaria<\/td><\/tr><tr><td><a href=\"https:\/\/ssvpbrazlandia.org.br\/wp-content\/uploads\/2025\/03\/MODELOTERMO-DE-ABERTURA-DE-ATA-140924.docx\">Termo de Abertura do livro de atas<\/a><\/td><\/tr><tr><td><a href=\"https:\/\/ssvpbrazlandia.org.br\/wp-content\/uploads\/2025\/03\/MODELO-TERMO-DE-ENCERRAMENTO-DE-ATAS-140924.docx\" data-type=\"link\" data-id=\"https:\/\/ssvpbrazlandia.org.br\/wp-content\/uploads\/2025\/03\/MODELO-TERMO-DE-ENCERRAMENTO-DE-ATAS-140924.docx\">Termo de encerramento do livro de atas<\/a><\/td><\/tr><\/tbody><\/table><\/figure>\n\n\n\n<figure class=\"wp-block-table is-style-stripes\"><table class=\"has-text-color has-link-color has-fixed-layout\" style=\"color:#0036b5\"><thead><tr><th>OUTROS<\/th><\/tr><\/thead><tbody><tr><td><a href=\"https:\/\/ssvpbrazlandia.org.br\/wp-content\/uploads\/2025\/03\/Manual-da-Marca-SSVP-Brasil-v16052024.pdf\">Manual da Marca &#8211; SSVP Brasil<\/a><\/td><\/tr><tr><td><a href=\"https:\/\/ssvpbrasil.org.br\/wp-content\/uploads\/2024\/04\/Resolucao-2022-CNB-007-Aprova-o-Codigo-de-Conduta-Etica-do-Vicentino-e-da-Administracao-da-SSVP.pdf\" data-type=\"link\" data-id=\"https:\/\/ssvpbrasil.org.br\/wp-content\/uploads\/2024\/04\/Resolucao-2022-CNB-007-Aprova-o-Codigo-de-Conduta-Etica-do-Vicentino-e-da-Administracao-da-SSVP.pdf\">C\u00f3digo de Conduta \u00e9tica<\/a><\/td><\/tr><\/tbody><\/table><\/figure>\n\n\n\n<p><\/p>\n\n\n\n<p><\/p>\n\n\n\n<p><\/p>\n","protected":false},"excerpt":{"rendered":"<p>FICHAS DE CADASTRO Ficha de sindic\u00e2ncia Ficha de controle de associados MAPAS DE MOVIMENTO FINANCEIRO Mapas de Confer\u00eancias &#8211; Planilha Mapa de Confer\u00eancias &#8211; Manual Mapa de C. Particulares &#8211; Planilha Mapa de C. Particulares &#8211; Manual MATERIAIS DA SECRETARIA Instru\u00e7\u00e3o normativa n\u00ba 02\/2023 &#8211; Secretaria Termo de Abertura do livro de atas Termo de [&hellip;]<\/p>\n","protected":false},"author":1,"featured_media":0,"parent":0,"menu_order":0,"comment_status":"closed","ping_status":"closed","template":"","meta":{"xn-wppe-expiration":[],"xn-wppe-expiration-action":[],"xn-wppe-expiration-prefix":[],"footnotes":""},"class_list":["post-147","page","type-page","status-publish","hentry"],"_links":{"self":[{"href":"https:\/\/ssvpbrazlandia.org.br\/index.php\/wp-json\/wp\/v2\/pages\/147","targetHints":{"allow":["GET"]}}],"collection":[{"href":"https:\/\/ssvpbrazlandia.org.br\/index.php\/wp-json\/wp\/v2\/pages"}],"about":[{"href":"https:\/\/ssvpbrazlandia.org.br\/index.php\/wp-json\/wp\/v2\/types\/page"}],"author":[{"embeddable":true,"href":"https:\/\/ssvpbrazlandia.org.br\/index.php\/wp-json\/wp\/v2\/users\/1"}],"replies":[{"embeddable":true,"href":"https:\/\/ssvpbrazlandia.org.br\/index.php\/wp-json\/wp\/v2\/comments?post=147"}],"version-history":[{"count":16,"href":"https:\/\/ssvpbrazlandia.org.br\/index.php\/wp-json\/wp\/v2\/pages\/147\/revisions"}],"predecessor-version":[{"id":1687,"href":"https:\/\/ssvpbrazlandia.org.br\/index.php\/wp-json\/wp\/v2\/pages\/147\/revisions\/1687"}],"wp:attachment":[{"href":"https:\/\/ssvpbrazlandia.org.br\/index.php\/wp-json\/wp\/v2\/media?parent=147"}],"curies":[{"name":"wp","href":"https:\/\/api.w.org\/{rel}","templated":true}]}}