{"id":1507,"date":"2025-01-23T22:14:59","date_gmt":"2025-01-24T01:14:59","guid":{"rendered":"https:\/\/ssvpbrazlandia.org.br\/?page_id=1507"},"modified":"2025-03-20T17:23:33","modified_gmt":"2025-03-20T20:23:33","slug":"transparencia","status":"publish","type":"page","link":"https:\/\/ssvpbrazlandia.org.br\/index.php\/transparencia\/","title":{"rendered":"Transpar\u00eancia"},"content":{"rendered":"\n<p>Para a presta\u00e7\u00e3o de contas, disponibilizamos em nosso Site os balancetes, mapas mensais, atas e pautas das reuni\u00f5es do CC, para que os vicentinos de nossa \u00e1rea, e demais interessados, tenham acesso as informa\u00e7\u00f5es! <\/p>\n\n\n\n<hr class=\"wp-block-separator has-alpha-channel-opacity\"\/>\n\n\n\n<figure class=\"wp-block-table is-style-regular\"><table class=\"has-fixed-layout\"><thead><tr><th>JANEIRO &#8211; 2025<\/th><\/tr><\/thead><tbody><tr><td><a href=\"https:\/\/ssvpbrazlandia.org.br\/wp-content\/uploads\/2025\/01\/Financeiro-Jan-2025.pdf\" data-type=\"link\" data-id=\"https:\/\/ssvpbrazlandia.org.br\/wp-content\/uploads\/2025\/01\/Financeiro-Jan-2025.pdf\">Movimento financeiro<\/a><\/td><\/tr><tr><td><a href=\"https:\/\/ssvpbrazlandia.org.br\/wp-content\/uploads\/2025\/01\/Ata-278.-de-Dez.2024.pdf\" data-type=\"link\" data-id=\"https:\/\/ssvpbrazlandia.org.br\/wp-content\/uploads\/2025\/01\/Ata-278.-de-Dez.2024.pdf\">Ata (dezembro 2024)<\/a><\/td><\/tr><tr><td><a href=\"https:\/\/ssvpbrazlandia.org.br\/wp-content\/uploads\/2025\/01\/Pauta-da-Reuniao-Ordinaria-CCNSF-19-Jan-25.pdf\" data-type=\"link\" data-id=\"https:\/\/ssvpbrazlandia.org.br\/wp-content\/uploads\/2025\/01\/Pauta-da-Reuniao-Ordinaria-CCNSF-19-Jan-25.pdf\">Pauta da Reuni\u00e3o CC &#8211; jan<\/a><\/td><\/tr><\/tbody><\/table><\/figure>\n\n\n\n<figure class=\"wp-block-table is-style-regular\"><table class=\"has-fixed-layout\"><thead><tr><th>FEVEREIRO &#8211; 2025<\/th><\/tr><\/thead><tbody><tr><td><a href=\"https:\/\/ssvpbrazlandia.org.br\/wp-content\/uploads\/2025\/02\/01.1.-Relatorio-Janeiro-2025-Sistema-Gerencial-CNB-SSVP.pdf\" data-type=\"link\" data-id=\"https:\/\/ssvpbrazlandia.org.br\/wp-content\/uploads\/2025\/01\/Financeiro-Jan-2025.pdf\">Movimento financeiro<\/a><\/td><\/tr><tr><td><a href=\"https:\/\/ssvpbrazlandia.org.br\/wp-content\/uploads\/2025\/02\/Ata-Reuniao-CCNSF-279-19.01.2025.pdf\" data-type=\"link\" data-id=\"https:\/\/ssvpbrazlandia.org.br\/wp-content\/uploads\/2025\/01\/Ata-278.-de-Dez.2024.pdf\">Ata<\/a> (jan\/25)<\/td><\/tr><tr><td><a href=\"https:\/\/ssvpbrazlandia.org.br\/wp-content\/uploads\/2025\/02\/01.-Mapa-Janeiro-2025.pdf\" data-type=\"link\" data-id=\"https:\/\/ssvpbrazlandia.org.br\/wp-content\/uploads\/2025\/02\/01.-Mapa-Janeiro-2025.pdf\">Mapa<\/a><\/td><\/tr><tr><td><a href=\"https:\/\/ssvpbrazlandia.org.br\/wp-content\/uploads\/2025\/02\/Pauta-da-Reuniao-16-Fev-25.docx.pdf\" data-type=\"link\" data-id=\"https:\/\/ssvpbrazlandia.org.br\/wp-content\/uploads\/2025\/01\/Pauta-da-Reuniao-Ordinaria-CCNSF-19-Jan-25.pdf\">Pauta da Reuni\u00e3o CC &#8211; fev<\/a><\/td><\/tr><\/tbody><\/table><\/figure>\n\n\n\n<figure class=\"wp-block-table is-style-regular\"><table class=\"has-fixed-layout\"><thead><tr><th>MAR\u00c7O &#8211; 2025<\/th><\/tr><\/thead><tbody><tr><td><a href=\"https:\/\/ssvpbrazlandia.org.br\/wp-content\/uploads\/2025\/03\/Movimento-Bancario-Conciliacao-dos-Recebimentos-e-Pagamentos.pdf\" data-type=\"link\" data-id=\"https:\/\/ssvpbrazlandia.org.br\/wp-content\/uploads\/2025\/01\/Financeiro-Jan-2025.pdf\">Movimento financeiro<\/a><\/td><\/tr><tr><td><a href=\"https:\/\/ssvpbrazlandia.org.br\/wp-content\/uploads\/2025\/03\/Ata-Reuniao-CCNSF-280-16.02.2025.docx.pdf\" data-type=\"link\" data-id=\"https:\/\/ssvpbrazlandia.org.br\/wp-content\/uploads\/2025\/03\/Ata-Reuniao-CCNSF-280-16.02.2025.docx.pdf\">Ata<\/a> (fev\/25)<\/td><\/tr><tr><td><a href=\"https:\/\/ssvpbrazlandia.org.br\/wp-content\/uploads\/2025\/03\/Mapa-fev-CC.pdf\" data-type=\"link\" data-id=\"https:\/\/ssvpbrazlandia.org.br\/wp-content\/uploads\/2025\/02\/01.-Mapa-Janeiro-2025.pdf\">Mapa<\/a><\/td><\/tr><tr><td><a href=\"https:\/\/ssvpbrazlandia.org.br\/wp-content\/uploads\/2025\/03\/3.-Pauta-da-Reuniao-Odinaria-CCNSF-16-Mar-25.pdf\" data-type=\"link\" data-id=\"https:\/\/ssvpbrazlandia.org.br\/wp-content\/uploads\/2025\/03\/3.-Pauta-da-Reuniao-Odinaria-CCNSF-16-Mar-25.pdf\">Pauta da Reuni\u00e3o CC &#8211; mar\u00e7o<\/a><\/td><\/tr><\/tbody><\/table><\/figure>\n\n\n\n<p><\/p>\n","protected":false},"excerpt":{"rendered":"<p>Para a presta\u00e7\u00e3o de contas, disponibilizamos em nosso Site os balancetes, mapas mensais, atas e pautas das reuni\u00f5es do CC, para que os vicentinos de nossa \u00e1rea, e demais interessados, tenham acesso as informa\u00e7\u00f5es! JANEIRO &#8211; 2025 Movimento financeiro Ata (dezembro 2024) Pauta da Reuni\u00e3o CC &#8211; jan FEVEREIRO &#8211; 2025 Movimento financeiro Ata (jan\/25) [&hellip;]<\/p>\n","protected":false},"author":2,"featured_media":0,"parent":0,"menu_order":0,"comment_status":"closed","ping_status":"closed","template":"","meta":{"xn-wppe-expiration":[],"xn-wppe-expiration-action":[],"xn-wppe-expiration-prefix":[],"footnotes":""},"class_list":["post-1507","page","type-page","status-publish","hentry"],"_links":{"self":[{"href":"https:\/\/ssvpbrazlandia.org.br\/index.php\/wp-json\/wp\/v2\/pages\/1507","targetHints":{"allow":["GET"]}}],"collection":[{"href":"https:\/\/ssvpbrazlandia.org.br\/index.php\/wp-json\/wp\/v2\/pages"}],"about":[{"href":"https:\/\/ssvpbrazlandia.org.br\/index.php\/wp-json\/wp\/v2\/types\/page"}],"author":[{"embeddable":true,"href":"https:\/\/ssvpbrazlandia.org.br\/index.php\/wp-json\/wp\/v2\/users\/2"}],"replies":[{"embeddable":true,"href":"https:\/\/ssvpbrazlandia.org.br\/index.php\/wp-json\/wp\/v2\/comments?post=1507"}],"version-history":[{"count":7,"href":"https:\/\/ssvpbrazlandia.org.br\/index.php\/wp-json\/wp\/v2\/pages\/1507\/revisions"}],"predecessor-version":[{"id":1680,"href":"https:\/\/ssvpbrazlandia.org.br\/index.php\/wp-json\/wp\/v2\/pages\/1507\/revisions\/1680"}],"wp:attachment":[{"href":"https:\/\/ssvpbrazlandia.org.br\/index.php\/wp-json\/wp\/v2\/media?parent=1507"}],"curies":[{"name":"wp","href":"https:\/\/api.w.org\/{rel}","templated":true}]}}